{"id":821,"date":"2022-08-31T18:28:36","date_gmt":"2022-08-31T21:28:36","guid":{"rendered":"http:\/\/projetoconectacidade.com.br\/?page_id=821"},"modified":"2023-01-24T16:38:24","modified_gmt":"2023-01-24T19:38:24","slug":"politica-de-privacidade-2","status":"publish","type":"page","link":"http:\/\/projetoconectacidade.com.br\/index.php\/politica-de-privacidade-2\/","title":{"rendered":"Termos de Uso"},"content":{"rendered":"\t\t<div data-elementor-type=\"wp-page\" data-elementor-id=\"821\" class=\"elementor elementor-821\" data-elementor-settings=\"[]\">\n\t\t\t\t\t\t\t<div class=\"elementor-section-wrap\">\n\t\t\t\t\t\t\t<section data-particle_enable=\"false\" data-particle-mobile-disabled=\"false\" class=\"elementor-section elementor-top-section elementor-element elementor-element-9655ea9 elementor-section-stretched elementor-section-boxed elementor-section-height-default elementor-section-height-default\" data-id=\"9655ea9\" data-element_type=\"section\" id=\"contact-form\" data-settings=\"{&quot;stretch_section&quot;:&quot;section-stretched&quot;}\">\n\t\t\t\t\t\t<div class=\"elementor-container elementor-column-gap-wider\">\n\t\t\t\t\t<div class=\"elementor-column elementor-col-100 elementor-top-column elementor-element elementor-element-0ef5695\" data-id=\"0ef5695\" data-element_type=\"column\">\n\t\t\t<div class=\"elementor-widget-wrap elementor-element-populated\">\n\t\t\t\t\t\t\t\t<section data-particle_enable=\"false\" data-particle-mobile-disabled=\"false\" class=\"elementor-section elementor-inner-section elementor-element elementor-element-ae86c23 elementor-section-boxed elementor-section-height-default elementor-section-height-default\" data-id=\"ae86c23\" data-element_type=\"section\">\n\t\t\t\t\t\t<div class=\"elementor-container elementor-column-gap-default\">\n\t\t\t\t\t<div class=\"elementor-column elementor-col-16 elementor-inner-column elementor-element elementor-element-de556ab\" data-id=\"de556ab\" data-element_type=\"column\">\n\t\t\t<div class=\"elementor-widget-wrap\">\n\t\t\t\t\t\t\t\t\t<\/div>\n\t\t<\/div>\n\t\t\t\t<div class=\"elementor-column elementor-col-66 elementor-inner-column elementor-element elementor-element-5847894\" data-id=\"5847894\" data-element_type=\"column\">\n\t\t\t<div class=\"elementor-widget-wrap elementor-element-populated\">\n\t\t\t\t\t\t\t\t<div class=\"elementor-element elementor-element-17b8beb elementor-widget elementor-widget-text-editor\" data-id=\"17b8beb\" data-element_type=\"widget\" data-widget_type=\"text-editor.default\">\n\t\t\t\t<div class=\"elementor-widget-container\">\n\t\t\t\t\t\t\t<div class=\"inside\"><p><strong>Termo de Uso Canal Digital via RCS <\/strong><\/p><\/div>\t\t\t\t\t\t<\/div>\n\t\t\t\t<\/div>\n\t\t\t\t<div class=\"elementor-element elementor-element-56094ad elementor-widget elementor-widget-spacer\" data-id=\"56094ad\" data-element_type=\"widget\" data-widget_type=\"spacer.default\">\n\t\t\t\t<div class=\"elementor-widget-container\">\n\t\t\t\t\t<div class=\"elementor-spacer\">\n\t\t\t<div class=\"elementor-spacer-inner\"><\/div>\n\t\t<\/div>\n\t\t\t\t<\/div>\n\t\t\t\t<\/div>\n\t\t\t\t\t<\/div>\n\t\t<\/div>\n\t\t\t\t<div class=\"elementor-column elementor-col-16 elementor-inner-column elementor-element elementor-element-1b3554f\" data-id=\"1b3554f\" data-element_type=\"column\">\n\t\t\t<div class=\"elementor-widget-wrap\">\n\t\t\t\t\t\t\t\t\t<\/div>\n\t\t<\/div>\n\t\t\t\t\t\t\t<\/div>\n\t\t<\/section>\n\t\t\t\t<section data-particle_enable=\"false\" data-particle-mobile-disabled=\"false\" class=\"elementor-section elementor-inner-section elementor-element elementor-element-d6718ad elementor-section-boxed elementor-section-height-default elementor-section-height-default\" data-id=\"d6718ad\" data-element_type=\"section\">\n\t\t\t\t\t\t<div class=\"elementor-container elementor-column-gap-default\">\n\t\t\t\t\t<div class=\"elementor-column elementor-col-100 elementor-inner-column elementor-element elementor-element-d77059e\" data-id=\"d77059e\" data-element_type=\"column\">\n\t\t\t<div class=\"elementor-widget-wrap elementor-element-populated\">\n\t\t\t\t\t\t\t\t<div class=\"elementor-element elementor-element-1e513fa elementor-widget elementor-widget-text-editor\" data-id=\"1e513fa\" data-element_type=\"widget\" data-widget_type=\"text-editor.default\">\n\t\t\t\t<div class=\"elementor-widget-container\">\n\t\t\t\t\t\t\t<p>Este Termo de Uso aplica-se ao uso do Canal Digital RCS da Projeto Conecta Cidades, um canal de comunica\u00e7\u00e3o digital gratuito, dispon\u00edvel para o aplicativo de Mensagens do Google e destinado para divulga\u00e7\u00e3o de conte\u00fados de interesse geral. Este Termo de Uso \u00e9 regido de acordo com a legisla\u00e7\u00e3o brasileira. A opera\u00e7\u00e3o deste canal \u00e9 realizada pela Microtarget Marketing e Publicidade.<\/p>\n<p>O Canal Digital RCS da Projeto Conecta Cidades tem por objetivo a comunica\u00e7\u00e3o direcionada da Prefeitura e institui\u00e7\u00f5es relacionadas sobre assuntos de interesse p\u00fablico, servi\u00e7os e benef\u00edcios oferecidos aos mun\u00edcipes.<\/p>\n<p>Ao utilizar o Canal Digital RCS, o(a) usu\u00e1rio(a) expressamente aceita e concorda com todas as cl\u00e1usulas e condi\u00e7\u00f5es do presente Termo. Por conta disso, o(a) usu\u00e1rio(a) deve ler atentamente este Termo de Uso antes de usar os nossos servi\u00e7os e caso o(a) usu\u00e1rio(a) n\u00e3o concorde com este Termo, o(a) usu\u00e1rio(a) n\u00e3o deve usar os nossos servi\u00e7os.<\/p>\n<p><strong><u>Atualiza\u00e7\u00f5es do Termo de Uso:<\/u><\/strong><\/p>\n<p>O Termo de Uso, assim como os conte\u00fados e as funcionalidades do Canal Digital RCS, podem ser atualizados a qualquer momento por raz\u00f5es legais, pelo uso de novas tecnologias e funcionalidades e sempre que a Pocket M\u00eddia entender que as altera\u00e7\u00f5es s\u00e3o necess\u00e1rias. Ao continuar a utiliza\u00e7\u00e3o do Canal digital RCS ap\u00f3s as altera\u00e7\u00f5es, o(a) usu\u00e1rio(a) concorda com as altera\u00e7\u00f5es tamb\u00e9m.<\/p>\n<p><strong><u>Custo Dos Servi\u00e7os: <\/u><\/strong><\/p>\n<p>O(A) usu\u00e1rio(a) est\u00e1 ciente que poder\u00e1 haver cobran\u00e7as provenientes da desenvolvedora do&nbsp;aplicativo de mensagens (Google) que foge do alcance da Pocket M\u00eddia. O(A) usu\u00e1rio(a) tamb\u00e9m est\u00e1 ciente que as&nbsp;operadoras de servi\u00e7os de Telecomunica\u00e7\u00e3o podem cobrar determinados valores pelo tr\u00e1fego de dados em sua rede,&nbsp;devendo o(a) usu\u00e1rio(a) se informar sobre estas tarifas diretamente com sua operadora.<\/p>\n<p><strong><u>Obriga\u00e7\u00f5es e Responsabilidades: <\/u><\/strong><\/p>\n<p>Cabe&nbsp;unicamente ao(\u00e0) usu\u00e1rio(a) obter os equipamentos e servi\u00e7os necess\u00e1rios para o acesso aos servi\u00e7os do Canal Digital RCS, n\u00e3o sendo a Pocket M\u00eddia respons\u00e1vel por danos ou problemas decorrentes da demora, interrup\u00e7\u00e3o ou bloqueio nas transmiss\u00f5es de dados ocorridos por meio de quaisquer redes de telecomunica\u00e7\u00f5es.<\/p>\n<p>Ao utilizar o Canal Digital RCS o(a) usu\u00e1rio(a) se responsabiliza pela precis\u00e3o e pela veracidade dos dados informados e reconhece que a inconsist\u00eancia deles poder\u00e1 implicar na impossibilidade de se utilizar o servi\u00e7o do Canal de Comunica\u00e7\u00e3o RCS da Projeto Conecta Cidades e, a fim de resguardar e de proteger os direitos de terceiros, o(a) usu\u00e1rio(a) se compromete a fornecer somente suas informa\u00e7\u00f5es pessoais, e n\u00e3o as de terceiros.<\/p>\n<p><strong><u>Pol\u00edtica de Privacidade<\/u><\/strong><\/p>\n<p>Al\u00e9m do presente Termo de Uso, o(a) usu\u00e1rio(a) deve consentir com as disposi\u00e7\u00f5es contidas na Pol\u00edtica de Privacidade.<\/p>\n<p><strong><u>Disposi\u00e7\u00f5es Gerais: <\/u><\/strong><\/p>\n<p>Todas as conversas feitas com o Canal Digital s\u00e3o salvas em banco de&nbsp;dados para melhoria do servi\u00e7o prestado. A Projeto Conecta Cidades pode enviar mensagens atrav\u00e9s do Canal Digital RCS sobre&nbsp;mudan\u00e7as no presente termo, ou assuntos relevantes. O(A) usu\u00e1rio(a) autoriza expressamente, quando for necess\u00e1rio ou de&nbsp;interesse do usu\u00e1rio, a Projeto Conecta Cidades a se comunicar atrav\u00e9s deste canal.<\/p>\n<p><strong><u>Cancelamento:<\/u><\/strong><\/p>\n<p>O(A) usu\u00e1rio(a) est\u00e1 ciente que essa autoriza\u00e7\u00e3o poder\u00e1 ser cancelada pelo(a) usu\u00e1rio(a) a qualquer momento.<\/p>\n<p><strong><u>D\u00favidas: <\/u><\/strong><\/p>\n<p>Em caso de d\u00favidas relacionadas ao Canal digital RCS Projeto Conecta Cidades entre em contato atrav\u00e9s dos nossos canais de atendimento:<\/p>\n<ul>\n<li>Encarregado: Paulo Eduardo Mattos<\/li>\n<li>Por e-mail: contato_dpo@microtarget.com.br<\/li>\n<li>Pelo Site: https:\/\/ microtarget.com.br\/<\/li>\n<\/ul>\t\t\t\t\t\t<\/div>\n\t\t\t\t<\/div>\n\t\t\t\t\t<\/div>\n\t\t<\/div>\n\t\t\t\t\t\t\t<\/div>\n\t\t<\/section>\n\t\t\t\t\t<\/div>\n\t\t<\/div>\n\t\t\t\t\t\t\t<\/div>\n\t\t<\/section>\n\t\t\t\t\t\t<\/div>\n\t\t\t\t\t<\/div>\n\t\t","protected":false},"excerpt":{"rendered":"<p>Termo de Uso Canal Digital via RCS Este Termo de Uso aplica-se ao uso do Canal Digital RCS da Projeto Conecta Cidades, um canal de comunica\u00e7\u00e3o<span class=\"excerpt-hellip\"> [\u2026]<\/span><\/p>\n","protected":false},"author":1,"featured_media":0,"parent":0,"menu_order":0,"comment_status":"closed","ping_status":"closed","template":"elementor_canvas","meta":{"om_disable_all_campaigns":false,"_mi_skip_tracking":false},"_links":{"self":[{"href":"http:\/\/projetoconectacidade.com.br\/index.php\/wp-json\/wp\/v2\/pages\/821"}],"collection":[{"href":"http:\/\/projetoconectacidade.com.br\/index.php\/wp-json\/wp\/v2\/pages"}],"about":[{"href":"http:\/\/projetoconectacidade.com.br\/index.php\/wp-json\/wp\/v2\/types\/page"}],"author":[{"embeddable":true,"href":"http:\/\/projetoconectacidade.com.br\/index.php\/wp-json\/wp\/v2\/users\/1"}],"replies":[{"embeddable":true,"href":"http:\/\/projetoconectacidade.com.br\/index.php\/wp-json\/wp\/v2\/comments?post=821"}],"version-history":[{"count":7,"href":"http:\/\/projetoconectacidade.com.br\/index.php\/wp-json\/wp\/v2\/pages\/821\/revisions"}],"predecessor-version":[{"id":837,"href":"http:\/\/projetoconectacidade.com.br\/index.php\/wp-json\/wp\/v2\/pages\/821\/revisions\/837"}],"wp:attachment":[{"href":"http:\/\/projetoconectacidade.com.br\/index.php\/wp-json\/wp\/v2\/media?parent=821"}],"curies":[{"name":"wp","href":"https:\/\/api.w.org\/{rel}","templated":true}]}}